{"id":229,"date":"2024-04-05T10:09:03","date_gmt":"2024-04-05T08:09:03","guid":{"rendered":"https:\/\/omes.hu\/cookie-nyilatkozat\/"},"modified":"2024-04-06T11:18:11","modified_gmt":"2024-04-06T09:18:11","slug":"cookie-%e5%a3%b0%e6%98%8e","status":"publish","type":"page","link":"https:\/\/omes.hu\/zh\/cookie-%e5%a3%b0%e6%98%8e\/","title":{"rendered":"Cookie \u58f0\u660e"},"content":{"rendered":"<div data-elementor-type=\"wp-page\" data-elementor-id=\"229\" class=\"elementor elementor-229\" data-elementor-post-type=\"page\">\n\t\t\t\t\t\t<section class=\"elementor-section elementor-top-section elementor-element elementor-element-3de65ebc elementor-section-boxed elementor-section-height-default elementor-section-height-default\" data-id=\"3de65ebc\" data-element_type=\"section\" data-e-type=\"section\" data-settings=\"{&quot;background_background&quot;:&quot;classic&quot;}\">\n\t\t\t\t\t\t\t<div class=\"elementor-background-overlay\"><\/div>\n\t\t\t\t\t\t\t<div class=\"elementor-container elementor-column-gap-default\">\n\t\t\t\t\t<div class=\"elementor-column elementor-col-100 elementor-top-column elementor-element elementor-element-5bec80c\" data-id=\"5bec80c\" data-element_type=\"column\" data-e-type=\"column\">\n\t\t\t<div class=\"elementor-widget-wrap elementor-element-populated\">\n\t\t\t\t\t\t<div class=\"elementor-element elementor-element-689219b2 elementor-invisible elementor-widget elementor-widget-heading\" data-id=\"689219b2\" data-element_type=\"widget\" data-e-type=\"widget\" data-settings=\"{&quot;_animation&quot;:&quot;fadeInUp&quot;}\" data-widget_type=\"heading.default\">\n\t\t\t\t<div class=\"elementor-widget-container\">\n\t\t\t\t\t<h1 class=\"elementor-heading-title elementor-size-default\">Cookie \u58f0\u660e<\/h1>\t\t\t\t<\/div>\n\t\t\t\t<\/div>\n\t\t\t\t<div class=\"elementor-element elementor-element-7023aa87 elementor-invisible elementor-widget elementor-widget-heading\" data-id=\"7023aa87\" data-element_type=\"widget\" data-e-type=\"widget\" data-settings=\"{&quot;_animation&quot;:&quot;fadeInDown&quot;}\" data-widget_type=\"heading.default\">\n\t\t\t\t<div class=\"elementor-widget-container\">\n\t\t\t\t\t<h4 class=\"elementor-heading-title elementor-size-default\">\u5173\u4e8e Cookie<\/h4>\t\t\t\t<\/div>\n\t\t\t\t<\/div>\n\t\t\t\t\t<\/div>\n\t\t<\/div>\n\t\t\t\t\t<\/div>\n\t\t<\/section>\n\t\t\t\t<section class=\"elementor-section elementor-top-section elementor-element elementor-element-47084b59 elementor-section-boxed elementor-section-height-default elementor-section-height-default\" data-id=\"47084b59\" data-element_type=\"section\" data-e-type=\"section\">\n\t\t\t\t\t\t<div class=\"elementor-container elementor-column-gap-default\">\n\t\t\t\t\t<div class=\"elementor-column elementor-col-100 elementor-top-column elementor-element elementor-element-78dc80f3\" data-id=\"78dc80f3\" data-element_type=\"column\" data-e-type=\"column\">\n\t\t\t<div class=\"elementor-widget-wrap elementor-element-populated\">\n\t\t\t\t\t\t<div class=\"elementor-element elementor-element-65c721dc elementor-widget elementor-widget-text-editor\" data-id=\"65c721dc\" data-element_type=\"widget\" data-e-type=\"widget\" data-widget_type=\"text-editor.default\">\n\t\t\t\t<div class=\"elementor-widget-container\">\n\t\t\t\t\t\t\t\t\t<h3 style=\"text-align: center;\">\u751f\u6548\u65e5\u671f\uff1a2024 \u5e74 1 \u6708 1 \u65e5\u3002<br>1.\u4ec0\u4e48\u662f Cookie\uff1f\u5982\u4f55\u66f4\u6539\u8bbe\u7f6e\uff1f<\/h3>\n\n<p>Cookie \u662f\u7f51\u7ad9\u53ef\u4ee5\u7528\u6765\u63d0\u9ad8\u7528\u6237\u4f53\u9a8c\u6548\u7387\u7684\u5c0f\u578b\u6587\u672c\u6587\u4ef6\u3002<\/p>\n<p>\u6709\u4e9b\u201ccookies\u201d\u53ea\u662f\u6682\u65f6\u7684\uff0c\u5f53\u60a8\u5173\u95ed\u6d4f\u89c8\u5668\u65f6\u5c31\u4f1a\u6d88\u5931\uff0c\u800c\u6709\u4e9b\u5219\u6c38\u4e45\u7248\u672c\u4f1a\u5728\u60a8\u7684\u8ba1\u7b97\u673a\u4e0a\u4fdd\u7559\u66f4\u957f\u65f6\u95f4\u3002\u6839\u636e\u6cd5\u5f8b\u89c4\u5b9a\uff0c\u5982\u679c\u8fd9\u5bf9\u4e8e\u6211\u4eec\u7f51\u7ad9\u7684\u8fd0\u884c\u7edd\u5bf9\u5fc5\u8981\uff0c\u6211\u4eec\u53ef\u80fd\u4f1a\u5728\u8bbf\u95ee\u8005\u7684\u8bbe\u5907\u4e0a\u5b58\u50a8 cookie\u3002<\/p>\n<p>\u6211\u4eec\u9700\u8981\u8bbf\u95ee\u8005\u7684\u8bb8\u53ef\u624d\u80fd\u4f7f\u7528\u6240\u6709\u5176\u4ed6\u7c7b\u578b\u7684 cookie\u3002\u672c\u7f51\u7ad9\u4f7f\u7528\u5404\u79cd cookie\u3002\u7f51\u7ad9\u4e0a\u663e\u793a\u7684\u4e00\u4e9b cookie \u662f\u7531\u6211\u4eec\u7684\u7b2c\u4e09\u65b9\u670d\u52a1\u63d0\u4f9b\u5546\u653e\u7f6e\u7684\u3002<\/p>\n<p>\u6d4f\u89c8\u5668\u5141\u8bb8\u60a8\u66f4\u6539\u60a8\u7684 cookie \u8bbe\u7f6e\u3002\u5927\u591a\u6570\u6d4f\u89c8\u5668\u9ed8\u8ba4\u81ea\u52a8\u63a5\u53d7 cookie\uff0c\u4f46\u60a8\u53ef\u4ee5\u66f4\u6539\u6b64\u529f\u80fd\u4ee5\u9632\u6b62\u8bbe\u7f6e\u540e\u81ea\u52a8\u63a5\u53d7\u3002<\/p>\n<p>\u5982\u679c\u60a8\u60f3\u4e86\u89e3\u6709\u5173\u66f4\u6539\u6d4f\u89c8\u5668\u8bbe\u7f6e\u7684\u66f4\u591a\u4fe1\u606f\uff0c\u8bf7\u67e5\u770b\u6d4f\u89c8\u5668\u7684\u8bf4\u660e\u6216\u5e2e\u52a9\u3002\u60a8\u53ef\u4ee5\u5728\u4ee5\u4e0b\u94fe\u63a5\u4e2d\u627e\u5230\u6709\u5173\u6700\u6d41\u884c\u6d4f\u89c8\u5668\u7684 cookie \u8bbe\u7f6e\u7684\u4fe1\u606f\uff1a<\/p>\n<p class=\"text text--gray\" style=\"margin-bottom: 0px; padding-bottom: 1em; background-image: initial; background-position: 0px 0px; background-size: initial; background-repeat: initial; background-attachment: initial; background-origin: initial; background-clip: initial; font-size: 20px; text-size-adjust: 100%; color: #2f2f2f; font-family: 'Open Sans', Arial, sans-serif; font-style: normal; font-variant-ligatures: normal; font-variant-caps: normal; font-weight: 500;\"><a style=\"background-image: initial; background-position: 0px 0px; background-size: initial; background-repeat: initial; background-attachment: initial; background-origin: initial; background-clip: initial; font-size: 20px; text-size-adjust: 100%; color: #2ea3f2; border-width: initial !important; border-style: none !important;\" href=\"https:\/\/support.google.com\/accounts\/answer\/61416?hl=hu\" target=\"_blank\" rel=\"noopener\">\u8c37\u6b4c\u6d4f\u89c8\u5668<\/a><\/p>\n<p class=\"text text--gray\" style=\"margin-bottom: 0px; padding-bottom: 1em; background-image: initial; background-position: 0px 0px; background-size: initial; background-repeat: initial; background-attachment: initial; background-origin: initial; background-clip: initial; font-size: 20px; text-size-adjust: 100%; color: #2f2f2f; font-family: 'Open Sans', Arial, sans-serif; font-style: normal; font-variant-ligatures: normal; font-variant-caps: normal; font-weight: 500;\"><a style=\"background-image: initial; background-position: 0px 0px; background-size: initial; background-repeat: initial; background-attachment: initial; background-origin: initial; background-clip: initial; font-size: 20px; text-size-adjust: 100%; color: #2ea3f2; border-width: initial !important; border-style: none !important;\" href=\"https:\/\/support.mozilla.org\/hu\/kb\/S%C3%BCtik%20kezel%C3%A9se\" target=\"_blank\" rel=\"noopener\">\u706b\u72d0<\/a><\/p>\n<p class=\"text text--gray\" style=\"margin-bottom: 0px; padding-bottom: 1em; background-image: initial; background-position: 0px 0px; background-size: initial; background-repeat: initial; background-attachment: initial; background-origin: initial; background-clip: initial; font-size: 20px; text-size-adjust: 100%; color: #2f2f2f; font-family: 'Open Sans', Arial, sans-serif; font-style: normal; font-variant-ligatures: normal; font-variant-caps: normal; font-weight: 500;\"><a style=\"background-image: initial; background-position: 0px 0px; background-size: initial; background-repeat: initial; background-attachment: initial; background-origin: initial; background-clip: initial; font-size: 20px; text-size-adjust: 100%; color: #2ea3f2; border-width: initial !important; border-style: none !important;\" href=\"http:\/\/windows.microsoft.com\/hu-hu\/internet-explorer\/delete-manage-cookies#ie=ie-11\" target=\"_blank\" rel=\"noopener\">Microsoft Internet Explorer 11<\/a><\/p>\n<p class=\"text text--gray\" style=\"margin-bottom: 0px; padding-bottom: 1em; background-image: initial; background-position: 0px 0px; background-size: initial; background-repeat: initial; background-attachment: initial; background-origin: initial; background-clip: initial; font-size: 20px; text-size-adjust: 100%; color: #2f2f2f; font-family: 'Open Sans', Arial, sans-serif; font-style: normal; font-variant-ligatures: normal; font-variant-caps: normal; font-weight: 500;\"><a style=\"background-image: initial; background-position: 0px 0px; background-size: initial; background-repeat: initial; background-attachment: initial; background-origin: initial; background-clip: initial; font-size: 20px; text-size-adjust: 100%; color: #2ea3f2; border-width: initial !important; border-style: none !important;\" href=\"http:\/\/windows.microsoft.com\/hu-hu\/internet-explorer\/delete-manage-cookies#ie=ie-10\" target=\"_blank\" rel=\"noopener\">Microsoft Internet Explorer 10<\/a><\/p>\n<p class=\"text text--gray\" style=\"margin-bottom: 0px; padding-bottom: 1em; background-image: initial; background-position: 0px 0px; background-size: initial; background-repeat: initial; background-attachment: initial; background-origin: initial; background-clip: initial; font-size: 20px; text-size-adjust: 100%; color: #2f2f2f; font-family: 'Open Sans', Arial, sans-serif; font-style: normal; font-variant-ligatures: normal; font-variant-caps: normal; font-weight: 500;\"><a style=\"background-image: initial; background-position: 0px 0px; background-size: initial; background-repeat: initial; background-attachment: initial; background-origin: initial; background-clip: initial; font-size: 20px; text-size-adjust: 100%; color: #2ea3f2; border-width: initial !important; border-style: none !important;\" href=\"http:\/\/windows.microsoft.com\/hu-hu\/windows-10\/edge-privacy-faq\" target=\"_blank\" rel=\"noopener\">\u5fae\u8f6fEdge<\/a><\/p>\n<p class=\"text text--gray\" style=\"margin-bottom: 0px; padding-bottom: 1em; background-image: initial; background-position: 0px 0px; background-size: initial; background-repeat: initial; background-attachment: initial; background-origin: initial; background-clip: initial; font-size: 20px; text-size-adjust: 100%; color: #2f2f2f; font-family: 'Open Sans', Arial, sans-serif; font-style: normal; font-variant-ligatures: normal; font-variant-caps: normal; font-weight: 500;\"><a style=\"background-image: initial; background-position: 0px 0px; background-size: initial; background-repeat: initial; background-attachment: initial; background-origin: initial; background-clip: initial; font-size: 20px; text-size-adjust: 100%; color: #2ea3f2; border-width: initial !important; border-style: none !important;\" href=\"http:\/\/support.apple.com\/kb\/index?page=search&amp;q=cookies%20safari\" target=\"_blank\" rel=\"noopener\">Safari<\/a><\/p>\n<h3>2. \u6709\u5173 Cookie \u7ba1\u7406\u7684\u4fe1\u606f\u548c\u8d21\u732e\u5728\u54ea\u91cc\u53d1\u751f\uff1f<\/h3>\n<p>\u5f53\u60a8\u7b2c\u4e00\u6b21\u8bbf\u95ee\u6211\u4eec\u7684\u7f51\u7ad9\u65f6\uff0c\u5c4f\u5e55\u9876\u90e8\u4f1a\u51fa\u73b0\u4e00\u4e2a\u5f39\u51fa\u7a97\u53e3\uff0c\u60a8\u53ef\u4ee5\u6307\u5b9a\u60a8\u540c\u610f\u54ea\u4e9b cookie\u3002<\/p>\n<p>\u8be5\u4fe1\u606f\u7a97\u53e3\u8fd8\u5305\u542b\u6307\u5411\u672c\u9690\u79c1\u58f0\u660e\u7684\u94fe\u63a5\u3002<\/p>\n<h3>3. Cookie \u7c7b\u578b<\/h3>\n<p><b>3.1.\u7edd\u5bf9\u5fc5\u8981\u7684 Cookie<\/b><\/p>\n<p>\u57fa\u672c Cookie \u901a\u8fc7\u542f\u7528\u7f51\u7ad9\u5bfc\u822a\u548c\u8bbf\u95ee\u7f51\u7ad9\u5b89\u5168\u533a\u57df\u7b49\u57fa\u672c\u529f\u80fd\uff0c\u5e2e\u52a9\u6211\u4eec\u7684\u7f51\u7ad9\u6b63\u5e38\u8fd0\u884c\u3002&nbsp;<\/p>\n<p>\u5982\u679c\u6ca1\u6709\u8fd9\u4e9b cookie\uff0c\u7f51\u7ad9\u5c31\u65e0\u6cd5\u6b63\u5e38\u8fd0\u884c\u3002<\/p>\n<ul>\n<li>PHPSESSID \u5728\u9875\u9762\u8bf7\u6c42\u4e4b\u95f4\u4fdd\u7559\u7528\u6237\u4f1a\u8bdd\u72b6\u6001\u3002\u76f4\u5230\u6d4f\u89c8\u5668\u5173\u95ed<\/li>\n<li>CookieConsent \u5728\u7ed9\u5b9a\u7684\u57df\u4e0a\u5b58\u50a8\u7528\u6237\u7684 cookie \u7ba1\u7406\u58f0\u660e\u3002 1 \u5e74<\/li>\n<\/ul>\n<ul>\n<li>__cfduid Cloudflare \u5185\u5bb9\u670d\u52a1\u5668\u8bc6\u522b\u4e92\u8054\u7f51\u6d41\u91cf\u3002 1 \u5e74<\/li>\n<li>JSESSIONID \u4e3a\u6bcf\u4e2a\u6253\u5f00\u7684\u9875\u9762\u5206\u914d\u4e00\u4e2a\u552f\u4e00\u7684\u533f\u540d\u6807\u8bc6\u7b26\uff0c\u4ee5\u63d0\u9ad8\u9875\u9762\u7684\u53ef\u7528\u6027\uff0c\u76f4\u5230\u6d4f\u89c8\u5668\u5173\u95ed<\/li>\n<li>wp_woocommerce_session_ \u5728\u9875\u9762\u95f4\u5bfc\u822a\u65f6\u4fdd\u7559\u8d2d\u7269\u8f66\u5185\u5bb9\uff0c\u76f4\u5230\u6d4f\u89c8\u5668\u5173\u95ed<\/li>\n<li>woocommerce_items_in_cart \u5728\u9875\u9762\u4e4b\u95f4\u5bfc\u822a\u65f6\u4fdd\u7559\u8d2d\u7269\u8f66\u7684\u5185\u5bb9\uff0c\u76f4\u5230\u6d4f\u89c8\u5668\u5173\u95ed<\/li>\n<li>wc_cart_hash_ \u5c06\u552f\u4e00\u6807\u8bc6\u7b26\u4e0e\u6bcf\u4e2a\u5ba2\u6237\u5173\u8054\uff0c\u4ee5\u4fbf\u7cfb\u7edf\u53ef\u4ee5\u5c06\u8ba2\u5355\u4e0e\u5ba2\u6237\u8054\u7cfb\u8d77\u6765 1 \u5929<\/li>\n<\/ul>\n<p><b>3.2.\u504f\u597d Cookie<\/b><\/p>\n<p>\u901a\u8fc7\u4f7f\u7528\u504f\u597d cookie\uff0c\u6211\u4eec\u53ef\u4ee5\u8bb0\u4f4f\u6539\u53d8\u67d0\u4e9b\u884c\u4e3a\u6216\u7f51\u7ad9\u5916\u89c2\u7684\u4fe1\u606f\uff0c\u4f8b\u5982\u60a8\u7684\u9996\u9009\u8bed\u8a00\u6216\u60a8\u6240\u5728\u7684\u5730\u533a\u3002<\/p>\n<p><b>3.3.\u7528\u4e8e\u7edf\u8ba1\u76ee\u7684\u7684 Cookie<\/b><\/p>\n<p><span style=\"font-size: 21px;\">\u901a\u8fc7\u4ee5\u533f\u540d\u5f62\u5f0f\u6536\u96c6\u548c\u62a5\u544a\u6570\u636e\uff0c\u7edf\u8ba1 cookie \u53ef\u5e2e\u52a9\u7f51\u7ad9\u6240\u6709\u8005\u4e86\u89e3\u8bbf\u95ee\u8005\u5982\u4f55\u4e0e\u7f51\u7ad9\u4e92\u52a8\u3002<\/span><\/p>\n<ul>\n<li>_ga \u8bb0\u5f55\u552f\u4e00\u6807\u8bc6\u7b26\uff0c\u7528\u4e8e\u521b\u5efa\u4e0e\u7f51\u7ad9\u4f7f\u7528\u76f8\u5173\u7684\u533f\u540d\u7edf\u8ba1\u6570\u636e\u3002 2 \u5e74<\/li>\n<li>_gid \u8bb0\u5f55\u552f\u4e00\u6807\u8bc6\u7b26\uff0c\u7528\u4e8e\u521b\u5efa\u4e0e\u7f51\u7ad9\u4f7f\u7528\u76f8\u5173\u7684\u533f\u540d\u7edf\u8ba1\u6570\u636e\u3002 2 \u5e74<\/li>\n<li>_gat \u7531 Google Analytics \u4f7f\u7528\u6765\u63a7\u5236\u8bf7\u6c42\u7684\u9891\u7387\u3002\u76f4\u5230\u6d4f\u89c8\u5668\u5173\u95ed<\/li>\n<li>\u6536\u96c6 \u901a\u8fc7\u5404\u79cd\u8bbe\u5907\u548c\u8425\u9500\u6e20\u9053\u4e3a Google Analytics \u6536\u96c6\u6709\u5173\u7528\u6237\u8bbe\u5907\u548c\u6d4f\u89c8\u4e60\u60ef\u7684\u6570\u636e\u3002\u76f4\u5230\u6d4f\u89c8\u5668\u5173\u95ed<\/li>\n<\/ul>\n<p><b>3.4.\u8425\u9500 Cookie<\/b><\/p>\n<p>\u6211\u4eec\u4f7f\u7528\u4e2a\u6027\u5316 cookie \u6765\u8ffd\u8e2a\u8bbf\u95ee\u8005\u7684\u7f51\u7ad9\u6d3b\u52a8\u3002\u76ee\u6807\u662f\u5411\u4e2a\u4eba\u7528\u6237\u63d0\u4f9b\u6700\u76f8\u5173\u7684\u5e7f\u544a\uff0c\u663e\u793a\u7b26\u5408\u4ed6\u4eec\u504f\u597d\u7684\u5185\u5bb9\uff0c\u5e76\u9f13\u52b1\u4ed6\u4eec\u91c7\u53d6\u884c\u52a8\u3002<\/p>\n<ul>\n<li>ads\/ga-audiences \u7531 Google Adwords \u4f7f\u7528\uff0c\u7528\u4e8e\u6839\u636e\u6d4f\u89c8\u4e60\u60ef\u5b9a\u4f4d\u53ef\u80fd\u5177\u6709\u66f4\u9ad8\u8d2d\u4e70\u503e\u5411\u7684\u7528\u6237\u3002\u76f4\u5230\u6d4f\u89c8\u5668\u5173\u95ed<\/li>\n<li>pref \u8bb0\u5f55\u4e00\u4e2a\u552f\u4e00\u6807\u8bc6\u7b26\uff0cGoogle \u6839\u636e\u8be5\u6807\u8bc6\u7b26\u521b\u5efa\u6709\u5173\u7528\u6237\u5728 YouTube \u4e0a\u89c2\u770b\u8fc7\u7684\u89c6\u9891\u7684\u7edf\u8ba1\u4fe1\u606f\u3002 8\u4e2a\u6708<\/li>\n<li>fr Facebook \u4f7f\u7528\u8fd9\u4e9b\u6570\u636e\u6765\u5b9a\u4f4d\u90a3\u4e9b\u6839\u636e\u6d4f\u89c8\u4e60\u60ef\u53ef\u80fd\u5177\u6709\u66f4\u9ad8\u8d2d\u4e70\u503e\u5411\u7684\u7528\u6237\u3002 3\u4e2a\u6708<\/li>\n<li>tr Facebook \u4f7f\u7528\u5b83\u6765\u5b9a\u4f4d\u6839\u636e\u6d4f\u89c8\u4e60\u60ef\u53ef\u80fd\u5177\u6709\u66f4\u9ad8\u8d2d\u4e70\u503e\u5411\u7684\u7528\u6237\u3002\u76f4\u5230\u6d4f\u89c8\u5668\u5173\u95ed<\/li>\n<\/ul>\n<h3>4. \u68c0\u67e5\u548c\u7981\u7528 Cookie \u8bbe\u7f6e<\/h3>\n<p>\u73b0\u4ee3\u6d4f\u89c8\u5668\u5141\u8bb8\u60a8\u66f4\u6539\u201ccookie \u8bbe\u7f6e\u201d\u3002\u6709\u4e9b\u6d4f\u89c8\u5668\u9ed8\u8ba4\u4f1a\u81ea\u52a8\u63a5\u53d7 cookies\uff0c\u4f46\u60a8\u4e5f\u53ef\u4ee5\u66f4\u6539\u6b64\u8bbe\u7f6e\uff0c\u4ee5\u9632\u6b62\u8bbf\u95ee\u8005\u5c06\u6765\u81ea\u52a8\u63a5\u53d7 cookies\u3002<\/p>\n<p>\u5982\u679c\u60a8\u5207\u6362\uff0c\u6d4f\u89c8\u5668\u5c06\u5728\u60a8\u6bcf\u6b21\u8bbf\u95ee\u65f6\u4e3a\u60a8\u63d0\u4f9b\u201c\u8bbe\u7f6e cookie\u201d\u7684\u9009\u9879\u3002<\/p>\n<p>\u5373\u4f7f\u542f\u7528\u4e86 cookie\uff0c\u6570\u636e\u63a7\u5236\u8005\u4e5f\u4e0d\u4f1a\u8bb0\u4f4f\u4efb\u4f55\u6807\u8bc6\u7b26\u6216\u5bc6\u7801\u3002\u5373\u4f7f\u8bbf\u95ee\u8005\u63a5\u53d7 cookies\uff0c\u4ed6\u4eec\u4e5f\u53ef\u4ee5\u5b8c\u5168\u5b89\u5168\u5730\u4f7f\u7528\u670d\u52a1\u3002<\/p>\n<p>\u6211\u4eec\u60f3\u63d0\u8bf7\u8bbf\u95ee\u8005\u6ce8\u610f\uff0c\u7531\u4e8e\u201ccookies\u201d\u7684\u76ee\u7684\u662f\u652f\u6301\u548c\u4fc3\u8fdb\u7f51\u7ad9\u7684\u53ef\u7528\u6027\u548c\u6d41\u7a0b\uff0c\u5982\u679c\u7981\u7528\u201ccookies\u201d\uff0c\u6211\u4eec\u4e0d\u80fd\u4fdd\u8bc1\u8bbf\u95ee\u8005\u80fd\u591f\u5145\u5206\u4f7f\u7528\u7f51\u7ad9\u7684\u6240\u6709\u529f\u80fd\u3002<\/p>\n<p>\u5728\u8fd9\u79cd\u60c5\u51b5\u4e0b\uff0c\u7f51\u7ad9\u5728\u6d4f\u89c8\u5668\u4e2d\u7684\u8fd0\u884c\u53ef\u80fd\u4f1a\u4e0e\u9884\u671f\u4e0d\u540c\u3002<\/p>\t\t\t\t\t\t\t\t<\/div>\n\t\t\t\t<\/div>\n\t\t\t\t\t<\/div>\n\t\t<\/div>\n\t\t\t\t\t<\/div>\n\t\t<\/section>\n\t\t\t\t<\/div>","protected":false},"excerpt":{"rendered":"<p>\u5173\u4e8e Cookie \u751f\u6548\u65e5\u671f\uff1a2024 \u5e74 1 \u6708 1 \u65e5\u3002\u4ec0\u4e48\u662f Cookie \u4ee5\u53ca\u5982\u4f55\u66f4\u6539\u8bbe\u7f6e\uff1f Cookie \u662f\u7f51\u7ad9\u53ef\u4ee5\u7528\u6765\u63d0\u9ad8\u7528\u6237\u4f53\u9a8c\u6548\u7387\u7684\u5c0f\u578b\u6587\u672c\u6587\u4ef6\u3002\u6709\u4e9b\u201ccookies\u201d\u662f\u6682\u65f6\u7684\uff0c\u5f53\u60a8\u5173\u95ed\u6d4f\u89c8\u5668\u65f6\u5c31\u4f1a\u6d88\u5931\uff0c\u800c\u6709\u4e9b\u5219\u6709\u6301\u4e45\u7684\u7248\u672c\uff0c\u53ef\u4ee5\u6301\u7eed\u66f4\u957f\u65f6\u95f4[...]<\/p>","protected":false},"author":1,"featured_media":0,"parent":0,"menu_order":0,"comment_status":"closed","ping_status":"closed","template":"elementor_header_footer","meta":{"footnotes":""},"class_list":["post-229","page","type-page","status-publish","hentry"],"yoast_head":"<!-- This site is optimized with the Yoast SEO Premium plugin v26.9 (Yoast SEO v27.3) - https:\/\/yoast.com\/product\/yoast-seo-premium-wordpress\/ -->\n<title>Cookie nyilatkozat - Omes M\u00e9rn\u00f6k Kft.<\/title>\n<meta name=\"robots\" content=\"index, follow, max-snippet:-1, max-image-preview:large, max-video-preview:-1\" \/>\n<link rel=\"canonical\" href=\"https:\/\/omes.hu\/zh\/cookie-\u58f0\u660e\/\" \/>\n<meta property=\"og:locale\" content=\"zh_CN\" \/>\n<meta property=\"og:type\" content=\"article\" \/>\n<meta property=\"og:title\" content=\"Cookie nyilatkozat\" \/>\n<meta property=\"og:description\" content=\"A s\u00fctikr\u0151l HAT\u00c1LYOS: 2024. JANU\u00c1R 1.1. MIK AZOK A COOKIE-K (S\u00dcTIK), \u00c9S HOGYAN TUDOD M\u00d3DOS\u00cdTANI A BE\u00c1LL\u00cdT\u00c1SOKAT? A \u201ecookie\u201d-k (tov\u00e1bbiakban: \u201ecookie\u201d vagy \u201es\u00fcti\u201d) olyan kis sz\u00f6veges f\u00e1jlok, amelyeket egy weboldal felhaszn\u00e1lhat arra, hogy m\u00e9g hat\u00e9konyabb\u00e1 tegye a felhaszn\u00e1l\u00f3i \u00e9lm\u00e9nyt. N\u00e9h\u00e1ny \u201cs\u00fcti\u201d csak \u00e1tmeneti \u00e9s elt\u0171nik a b\u00f6ng\u00e9sz\u0151 bez\u00e1r\u00e1s\u00e1val, m\u00edg l\u00e9teznek tart\u00f3s v\u00e1ltozatok is, melyek huzamosabb [&hellip;]\" \/>\n<meta property=\"og:url\" content=\"https:\/\/omes.hu\/zh\/cookie-\u58f0\u660e\/\" \/>\n<meta property=\"og:site_name\" content=\"Omes M\u00e9rn\u00f6k Kft.\" \/>\n<meta property=\"article:publisher\" content=\"https:\/\/www.facebook.com\/omeskft\" \/>\n<meta property=\"article:modified_time\" content=\"2024-04-06T09:18:11+00:00\" \/>\n<meta property=\"og:image\" content=\"https:\/\/omes.hu\/wp-content\/uploads\/2024\/04\/omes-logo.png\" \/>\n\t<meta property=\"og:image:width\" content=\"205\" \/>\n\t<meta property=\"og:image:height\" content=\"207\" \/>\n\t<meta property=\"og:image:type\" content=\"image\/png\" \/>\n<meta name=\"twitter:card\" content=\"summary_large_image\" \/>\n<meta name=\"twitter:label1\" content=\"\u9884\u8ba1\u9605\u8bfb\u65f6\u95f4\" \/>\n\t<meta name=\"twitter:data1\" content=\"6 \u5206\" \/>\n<script type=\"application\/ld+json\" class=\"yoast-schema-graph\">{\"@context\":\"https:\\\/\\\/schema.org\",\"@graph\":[{\"@type\":\"WebPage\",\"@id\":\"https:\\\/\\\/omes.hu\\\/en\\\/cookie-nyilatkozat\\\/\",\"url\":\"https:\\\/\\\/omes.hu\\\/en\\\/cookie-nyilatkozat\\\/\",\"name\":\"Cookie nyilatkozat - Omes M\u00e9rn\u00f6k Kft.\",\"isPartOf\":{\"@id\":\"https:\\\/\\\/omes.hu\\\/#website\"},\"datePublished\":\"2024-04-05T08:09:03+00:00\",\"dateModified\":\"2024-04-06T09:18:11+00:00\",\"breadcrumb\":{\"@id\":\"https:\\\/\\\/omes.hu\\\/en\\\/cookie-nyilatkozat\\\/#breadcrumb\"},\"inLanguage\":\"zh-Hans\",\"potentialAction\":[{\"@type\":\"ReadAction\",\"target\":[\"https:\\\/\\\/omes.hu\\\/en\\\/cookie-nyilatkozat\\\/\"]}]},{\"@type\":\"BreadcrumbList\",\"@id\":\"https:\\\/\\\/omes.hu\\\/en\\\/cookie-nyilatkozat\\\/#breadcrumb\",\"itemListElement\":[{\"@type\":\"ListItem\",\"position\":1,\"name\":\"Kezd\u0151lap\",\"item\":\"https:\\\/\\\/omes.hu\\\/\"},{\"@type\":\"ListItem\",\"position\":2,\"name\":\"Cookie nyilatkozat\"}]},{\"@type\":\"WebSite\",\"@id\":\"https:\\\/\\\/omes.hu\\\/#website\",\"url\":\"https:\\\/\\\/omes.hu\\\/\",\"name\":\"Omes M\u00e9rn\u00f6k Kft.\",\"description\":\"\",\"publisher\":{\"@id\":\"https:\\\/\\\/omes.hu\\\/#organization\"},\"alternateName\":\"M\u00e9rn\u00f6ki szolg\u00e1ltat\u00e1sok mesterfokon\",\"potentialAction\":[{\"@type\":\"SearchAction\",\"target\":{\"@type\":\"EntryPoint\",\"urlTemplate\":\"https:\\\/\\\/omes.hu\\\/?s={search_term_string}\"},\"query-input\":{\"@type\":\"PropertyValueSpecification\",\"valueRequired\":true,\"valueName\":\"search_term_string\"}}],\"inLanguage\":\"zh-Hans\"},{\"@type\":\"Organization\",\"@id\":\"https:\\\/\\\/omes.hu\\\/#organization\",\"name\":\"Omes M\u00e9rn\u00f6k Kft.\",\"url\":\"https:\\\/\\\/omes.hu\\\/\",\"logo\":{\"@type\":\"ImageObject\",\"inLanguage\":\"zh-Hans\",\"@id\":\"https:\\\/\\\/omes.hu\\\/#\\\/schema\\\/logo\\\/image\\\/\",\"url\":\"https:\\\/\\\/omes.hu\\\/wp-content\\\/uploads\\\/2024\\\/04\\\/omes-logo.png\",\"contentUrl\":\"https:\\\/\\\/omes.hu\\\/wp-content\\\/uploads\\\/2024\\\/04\\\/omes-logo.png\",\"width\":205,\"height\":207,\"caption\":\"Omes M\u00e9rn\u00f6k Kft.\"},\"image\":{\"@id\":\"https:\\\/\\\/omes.hu\\\/#\\\/schema\\\/logo\\\/image\\\/\"},\"sameAs\":[\"https:\\\/\\\/www.facebook.com\\\/omeskft\",\"https:\\\/\\\/www.linkedin.com\\\/company\\\/omesm\u00e9rn\u00f6k\\\/?originalSubdomain=hu\"]}]}<\/script>\n<!-- \/ Yoast SEO Premium plugin. -->","yoast_head_json":{"title":"Cookie \u58f0\u660e - Omes Engineer Ltd.","robots":{"index":"index","follow":"follow","max-snippet":"max-snippet:-1","max-image-preview":"max-image-preview:large","max-video-preview":"max-video-preview:-1"},"canonical":"https:\/\/omes.hu\/zh\/cookie-\u58f0\u660e\/","og_locale":"zh_CN","og_type":"article","og_title":"Cookie nyilatkozat","og_description":"A s\u00fctikr\u0151l HAT\u00c1LYOS: 2024. JANU\u00c1R 1.1. MIK AZOK A COOKIE-K (S\u00dcTIK), \u00c9S HOGYAN TUDOD M\u00d3DOS\u00cdTANI A BE\u00c1LL\u00cdT\u00c1SOKAT? A \u201ecookie\u201d-k (tov\u00e1bbiakban: \u201ecookie\u201d vagy \u201es\u00fcti\u201d) olyan kis sz\u00f6veges f\u00e1jlok, amelyeket egy weboldal felhaszn\u00e1lhat arra, hogy m\u00e9g hat\u00e9konyabb\u00e1 tegye a felhaszn\u00e1l\u00f3i \u00e9lm\u00e9nyt. N\u00e9h\u00e1ny \u201cs\u00fcti\u201d csak \u00e1tmeneti \u00e9s elt\u0171nik a b\u00f6ng\u00e9sz\u0151 bez\u00e1r\u00e1s\u00e1val, m\u00edg l\u00e9teznek tart\u00f3s v\u00e1ltozatok is, melyek huzamosabb [&hellip;]","og_url":"https:\/\/omes.hu\/zh\/cookie-\u58f0\u660e\/","og_site_name":"Omes M\u00e9rn\u00f6k Kft.","article_publisher":"https:\/\/www.facebook.com\/omeskft","article_modified_time":"2024-04-06T09:18:11+00:00","og_image":[{"width":205,"height":207,"url":"https:\/\/omes.hu\/wp-content\/uploads\/2024\/04\/omes-logo.png","type":"image\/png"}],"twitter_card":"summary_large_image","twitter_misc":{"\u9884\u8ba1\u9605\u8bfb\u65f6\u95f4":"6 \u5206"},"schema":{"@context":"https:\/\/schema.org","@graph":[{"@type":"WebPage","@id":"https:\/\/omes.hu\/en\/cookie-nyilatkozat\/","url":"https:\/\/omes.hu\/en\/cookie-nyilatkozat\/","name":"Cookie \u58f0\u660e - Omes Engineer Ltd.","isPartOf":{"@id":"https:\/\/omes.hu\/#website"},"datePublished":"2024-04-05T08:09:03+00:00","dateModified":"2024-04-06T09:18:11+00:00","breadcrumb":{"@id":"https:\/\/omes.hu\/en\/cookie-nyilatkozat\/#breadcrumb"},"inLanguage":"zh-Hans","potentialAction":[{"@type":"ReadAction","target":["https:\/\/omes.hu\/en\/cookie-nyilatkozat\/"]}]},{"@type":"BreadcrumbList","@id":"https:\/\/omes.hu\/en\/cookie-nyilatkozat\/#breadcrumb","itemListElement":[{"@type":"ListItem","position":1,"name":"Kezd\u0151lap","item":"https:\/\/omes.hu\/"},{"@type":"ListItem","position":2,"name":"Cookie nyilatkozat"}]},{"@type":"WebSite","@id":"https:\/\/omes.hu\/#website","url":"https:\/\/omes.hu\/","name":"Omes \u5de5\u7a0b\u5e08\u6709\u9650\u516c\u53f8","description":"","publisher":{"@id":"https:\/\/omes.hu\/#organization"},"alternateName":"M\u00e9rn\u00f6ki szolg\u00e1ltat\u00e1sok mesterfokon","potentialAction":[{"@type":"SearchAction","target":{"@type":"EntryPoint","urlTemplate":"https:\/\/omes.hu\/?s={search_term_string}"},"query-input":{"@type":"PropertyValueSpecification","valueRequired":true,"valueName":"search_term_string"}}],"inLanguage":"zh-Hans"},{"@type":"Organization","@id":"https:\/\/omes.hu\/#organization","name":"Omes \u5de5\u7a0b\u5e08\u6709\u9650\u516c\u53f8","url":"https:\/\/omes.hu\/","logo":{"@type":"ImageObject","inLanguage":"zh-Hans","@id":"https:\/\/omes.hu\/#\/schema\/logo\/image\/","url":"https:\/\/omes.hu\/wp-content\/uploads\/2024\/04\/omes-logo.png","contentUrl":"https:\/\/omes.hu\/wp-content\/uploads\/2024\/04\/omes-logo.png","width":205,"height":207,"caption":"Omes M\u00e9rn\u00f6k Kft."},"image":{"@id":"https:\/\/omes.hu\/#\/schema\/logo\/image\/"},"sameAs":["https:\/\/www.facebook.com\/omeskft","https:\/\/www.linkedin.com\/company\/omesm\u00e9rn\u00f6k\/?originalSubdomain=hu"]}]}},"_links":{"self":[{"href":"https:\/\/omes.hu\/zh\/wp-json\/wp\/v2\/pages\/229","targetHints":{"allow":["GET"]}}],"collection":[{"href":"https:\/\/omes.hu\/zh\/wp-json\/wp\/v2\/pages"}],"about":[{"href":"https:\/\/omes.hu\/zh\/wp-json\/wp\/v2\/types\/page"}],"author":[{"embeddable":true,"href":"https:\/\/omes.hu\/zh\/wp-json\/wp\/v2\/users\/1"}],"replies":[{"embeddable":true,"href":"https:\/\/omes.hu\/zh\/wp-json\/wp\/v2\/comments?post=229"}],"version-history":[{"count":0,"href":"https:\/\/omes.hu\/zh\/wp-json\/wp\/v2\/pages\/229\/revisions"}],"wp:attachment":[{"href":"https:\/\/omes.hu\/zh\/wp-json\/wp\/v2\/media?parent=229"}],"curies":[{"name":"wp","href":"https:\/\/api.w.org\/{rel}","templated":true}]}}