{"id":1237,"date":"2026-01-27T17:23:20","date_gmt":"2026-01-27T15:23:20","guid":{"rendered":"https:\/\/omes.hu\/?page_id=1237"},"modified":"2026-02-02T14:03:33","modified_gmt":"2026-02-02T12:03:33","slug":"%e5%ae%a3%e4%bc%a0%e5%86%8c%e6%ad%a3%e6%96%87","status":"publish","type":"page","link":"https:\/\/omes.hu\/zh\/%e5%ae%a3%e4%bc%a0%e5%86%8c%e6%ad%a3%e6%96%87\/","title":{"rendered":"\u5ba3\u4f20\u518c\u6b63\u6587"},"content":{"rendered":"<div data-elementor-type=\"wp-page\" data-elementor-id=\"1237\" class=\"elementor elementor-1237\" data-elementor-post-type=\"page\">\n\t\t\t\t\t\t<section class=\"elementor-section elementor-top-section elementor-element elementor-element-31ced35 elementor-section-boxed elementor-section-height-default elementor-section-height-default\" data-id=\"31ced35\" data-element_type=\"section\" data-e-type=\"section\" data-settings=\"{&quot;background_background&quot;:&quot;classic&quot;}\">\n\t\t\t\t\t\t\t<div class=\"elementor-background-overlay\"><\/div>\n\t\t\t\t\t\t\t<div class=\"elementor-container elementor-column-gap-default\">\n\t\t\t\t\t<div class=\"elementor-column elementor-col-100 elementor-top-column elementor-element elementor-element-bb399b2\" data-id=\"bb399b2\" data-element_type=\"column\" data-e-type=\"column\">\n\t\t\t<div class=\"elementor-widget-wrap elementor-element-populated\">\n\t\t\t\t\t\t<div class=\"elementor-element elementor-element-1f07331 elementor-invisible elementor-widget elementor-widget-heading\" data-id=\"1f07331\" data-element_type=\"widget\" data-e-type=\"widget\" data-settings=\"{&quot;_animation&quot;:&quot;fadeInUp&quot;}\" data-widget_type=\"heading.default\">\n\t\t\t\t<div class=\"elementor-widget-container\">\n\t\t\t\t\t<h1 class=\"elementor-heading-title elementor-size-default\">\u5ba3\u4f20\u518c\u6b63\u6587<\/h1>\t\t\t\t<\/div>\n\t\t\t\t<\/div>\n\t\t\t\t\t<\/div>\n\t\t<\/div>\n\t\t\t\t\t<\/div>\n\t\t<\/section>\n\t\t<div class=\"elementor-element elementor-element-fbe4d2c non-chinese e-flex e-con-boxed e-con e-parent\" data-id=\"fbe4d2c\" data-element_type=\"container\" data-e-type=\"container\">\n\t\t\t\t\t<div class=\"e-con-inner\">\n\t\t\t\t<div class=\"elementor-element elementor-element-e985e60 elementor-widget elementor-widget-shortcode\" data-id=\"e985e60\" data-element_type=\"widget\" data-e-type=\"widget\" data-widget_type=\"shortcode.default\">\n\t\t\t\t<div class=\"elementor-widget-container\">\n\t\t\t\t\t\t\t<div class=\"elementor-shortcode\"><div class=\"_df_book df-lite\" id=\"df_1231\"  _slug=\"1231\" data-title=\"brochure-english\" wpoptions=\"true\" thumb=\"https:\/\/omes.hu\/wp-content\/uploads\/2026\/01\/thumbnail-brochure-eng.jpg\" thumbtype=\"\" ><\/div><script class=\"df-shortcode-script\" nowprocket type=\"application\/javascript\">window.option_df_1231 = {\"outline\":[],\"autoEnableOutline\":\"false\",\"autoEnableThumbnail\":\"false\",\"overwritePDFOutline\":\"false\",\"direction\":\"1\",\"pageSize\":\"0\",\"source\":\"https:\\\/\\\/omes.hu\\\/wp-content\\\/uploads\\\/2026\\\/01\\\/Brochure-ENG_final_2025.12.01._compressed.pdf\",\"wpOptions\":\"true\"}; if(window.DFLIP && window.DFLIP.parseBooks){window.DFLIP.parseBooks();}<\/script><\/div>\n\t\t\t\t\t\t<\/div>\n\t\t\t\t<\/div>\n\t\t\t\t<div class=\"elementor-element elementor-element-11db735 elementor-widget elementor-widget-html\" data-id=\"11db735\" data-element_type=\"widget\" data-e-type=\"widget\" data-widget_type=\"html.default\">\n\t\t\t\t<div class=\"elementor-widget-container\">\n\t\t\t\t\t<div style=\"text-align: center;\">\r\n<a href=\"https:\/\/omes.hu\/wp-content\/uploads\/2026\/01\/Brochure-ENG_final_2025.12.01._compressed.pdf\" download=\"Brochure-ENG.pdf\" style=\"display: inline-block; padding: 15px 30px; margin: 20px; background-color: #019AA7; color: white; text-decoration: none; border-radius: 5px; font-family: 'Inter', sans-serif; font-size: 15px; font-weight: 500;\">\u4e0b\u8f7d<\/a>\r\n<\/div>\t\t\t\t<\/div>\n\t\t\t\t<\/div>\n\t\t\t\t\t<\/div>\n\t\t\t\t<\/div>\n\t\t<div class=\"elementor-element elementor-element-d895a72 chinese-only e-flex e-con-boxed e-con e-parent\" data-id=\"d895a72\" data-element_type=\"container\" data-e-type=\"container\">\n\t\t\t\t\t<div class=\"e-con-inner\">\n\t\t\t\t<div class=\"elementor-element elementor-element-b5bcd12 elementor-widget elementor-widget-shortcode\" data-id=\"b5bcd12\" data-element_type=\"widget\" data-e-type=\"widget\" data-widget_type=\"shortcode.default\">\n\t\t\t\t<div class=\"elementor-widget-container\">\n\t\t\t\t\t\t\t<div class=\"elementor-shortcode\"><div class=\"_df_book df-lite\" id=\"df_1244\"  _slug=\"brochure-chinese\" data-title=\"brochure-chinese\" wpoptions=\"true\" thumb=\"https:\/\/omes.hu\/wp-content\/uploads\/2026\/02\/thumbnail-brochure-chn.jpg\" thumbtype=\"\" ><\/div><script class=\"df-shortcode-script\" nowprocket type=\"application\/javascript\">window.option_df_1244 = {\"outline\":[],\"autoEnableOutline\":\"false\",\"autoEnableThumbnail\":\"false\",\"overwritePDFOutline\":\"false\",\"direction\":\"1\",\"pageSize\":\"0\",\"source\":\"https:\\\/\\\/omes.hu\\\/wp-content\\\/uploads\\\/2026\\\/01\\\/Brochure-CHN_final_2025.12.01._compressed.pdf\",\"wpOptions\":\"true\"}; if(window.DFLIP && window.DFLIP.parseBooks){window.DFLIP.parseBooks();}<\/script><\/div>\n\t\t\t\t\t\t<\/div>\n\t\t\t\t<\/div>\n\t\t\t\t<div class=\"elementor-element elementor-element-d86da7e elementor-widget elementor-widget-html\" data-id=\"d86da7e\" data-element_type=\"widget\" data-e-type=\"widget\" data-widget_type=\"html.default\">\n\t\t\t\t<div class=\"elementor-widget-container\">\n\t\t\t\t\t<div style=\"text-align: center;\">\r\n<a href=\"https:\/\/omes.hu\/wp-content\/uploads\/2026\/01\/Brochure-CHN_final_2025.12.01._compressed.pdf\" download=\"Brochure-CHN.pdf\" style=\"display: inline-block; padding: 15px 30px; margin: 20px; background-color: #019AA7; color: white; text-decoration: none; border-radius: 5px; font-family: 'Inter', sans-serif; font-size: 15px; font-weight: 500;\">\u4e0b\u8f7d<\/a>\r\n<\/div>\t\t\t\t<\/div>\n\t\t\t\t<\/div>\n\t\t\t\t\t<\/div>\n\t\t\t\t<\/div>\n\t\t\t\t<\/div>","protected":false},"excerpt":{"rendered":"<p>\u4e0b\u8f7d \u4e0b\u8f7d<\/p>","protected":false},"author":1,"featured_media":0,"parent":0,"menu_order":0,"comment_status":"closed","ping_status":"closed","template":"","meta":{"footnotes":""},"class_list":["post-1237","page","type-page","status-publish","hentry"],"yoast_head":"<!-- This site is optimized with the Yoast SEO Premium plugin v26.9 (Yoast SEO v27.3) - https:\/\/yoast.com\/product\/yoast-seo-premium-wordpress\/ -->\n<title>Broschure test - Omes M\u00e9rn\u00f6k Kft.<\/title>\n<meta name=\"robots\" content=\"index, follow, max-snippet:-1, max-image-preview:large, max-video-preview:-1\" \/>\n<link rel=\"canonical\" href=\"https:\/\/omes.hu\/zh\/\u5ba3\u4f20\u518c\u6b63\u6587\/\" \/>\n<meta property=\"og:locale\" content=\"zh_CN\" \/>\n<meta property=\"og:type\" content=\"article\" \/>\n<meta property=\"og:title\" content=\"Broschure test\" \/>\n<meta property=\"og:description\" content=\"Let\u00f6lt\u00e9s Let\u00f6lt\u00e9s\" \/>\n<meta property=\"og:url\" content=\"https:\/\/omes.hu\/zh\/\u5ba3\u4f20\u518c\u6b63\u6587\/\" \/>\n<meta property=\"og:site_name\" content=\"Omes M\u00e9rn\u00f6k Kft.\" \/>\n<meta property=\"article:publisher\" content=\"https:\/\/www.facebook.com\/omeskft\" \/>\n<meta property=\"article:modified_time\" content=\"2026-02-02T12:03:33+00:00\" \/>\n<meta property=\"og:image\" content=\"https:\/\/omes.hu\/wp-content\/uploads\/2024\/04\/omes-logo.png\" \/>\n\t<meta property=\"og:image:width\" content=\"205\" \/>\n\t<meta property=\"og:image:height\" content=\"207\" \/>\n\t<meta property=\"og:image:type\" content=\"image\/png\" \/>\n<meta name=\"twitter:card\" content=\"summary_large_image\" \/>\n<meta name=\"twitter:label1\" content=\"\u9884\u8ba1\u9605\u8bfb\u65f6\u95f4\" \/>\n\t<meta name=\"twitter:data1\" content=\"1 \u5206\" \/>\n<script type=\"application\/ld+json\" class=\"yoast-schema-graph\">{\"@context\":\"https:\\\/\\\/schema.org\",\"@graph\":[{\"@type\":\"WebPage\",\"@id\":\"https:\\\/\\\/omes.hu\\\/broschure-test\\\/\",\"url\":\"https:\\\/\\\/omes.hu\\\/broschure-test\\\/\",\"name\":\"Broschure test - Omes M\u00e9rn\u00f6k Kft.\",\"isPartOf\":{\"@id\":\"https:\\\/\\\/omes.hu\\\/#website\"},\"datePublished\":\"2026-01-27T15:23:20+00:00\",\"dateModified\":\"2026-02-02T12:03:33+00:00\",\"breadcrumb\":{\"@id\":\"https:\\\/\\\/omes.hu\\\/broschure-test\\\/#breadcrumb\"},\"inLanguage\":\"zh-Hans\",\"potentialAction\":[{\"@type\":\"ReadAction\",\"target\":[\"https:\\\/\\\/omes.hu\\\/broschure-test\\\/\"]}]},{\"@type\":\"BreadcrumbList\",\"@id\":\"https:\\\/\\\/omes.hu\\\/broschure-test\\\/#breadcrumb\",\"itemListElement\":[{\"@type\":\"ListItem\",\"position\":1,\"name\":\"Kezd\u0151lap\",\"item\":\"https:\\\/\\\/omes.hu\\\/\"},{\"@type\":\"ListItem\",\"position\":2,\"name\":\"Broschure test\"}]},{\"@type\":\"WebSite\",\"@id\":\"https:\\\/\\\/omes.hu\\\/#website\",\"url\":\"https:\\\/\\\/omes.hu\\\/\",\"name\":\"Omes M\u00e9rn\u00f6k Kft.\",\"description\":\"\",\"publisher\":{\"@id\":\"https:\\\/\\\/omes.hu\\\/#organization\"},\"alternateName\":\"M\u00e9rn\u00f6ki szolg\u00e1ltat\u00e1sok mesterfokon\",\"potentialAction\":[{\"@type\":\"SearchAction\",\"target\":{\"@type\":\"EntryPoint\",\"urlTemplate\":\"https:\\\/\\\/omes.hu\\\/?s={search_term_string}\"},\"query-input\":{\"@type\":\"PropertyValueSpecification\",\"valueRequired\":true,\"valueName\":\"search_term_string\"}}],\"inLanguage\":\"zh-Hans\"},{\"@type\":\"Organization\",\"@id\":\"https:\\\/\\\/omes.hu\\\/#organization\",\"name\":\"Omes M\u00e9rn\u00f6k Kft.\",\"url\":\"https:\\\/\\\/omes.hu\\\/\",\"logo\":{\"@type\":\"ImageObject\",\"inLanguage\":\"zh-Hans\",\"@id\":\"https:\\\/\\\/omes.hu\\\/#\\\/schema\\\/logo\\\/image\\\/\",\"url\":\"https:\\\/\\\/omes.hu\\\/wp-content\\\/uploads\\\/2024\\\/04\\\/omes-logo.png\",\"contentUrl\":\"https:\\\/\\\/omes.hu\\\/wp-content\\\/uploads\\\/2024\\\/04\\\/omes-logo.png\",\"width\":205,\"height\":207,\"caption\":\"Omes M\u00e9rn\u00f6k Kft.\"},\"image\":{\"@id\":\"https:\\\/\\\/omes.hu\\\/#\\\/schema\\\/logo\\\/image\\\/\"},\"sameAs\":[\"https:\\\/\\\/www.facebook.com\\\/omeskft\",\"https:\\\/\\\/www.linkedin.com\\\/company\\\/omesm\u00e9rn\u00f6k\\\/?originalSubdomain=hu\"]}]}<\/script>\n<!-- \/ Yoast SEO Premium plugin. -->","yoast_head_json":{"title":"\u5ba3\u4f20\u518c\u4e3b\u4f53 - Omes Engineers Ltd.","robots":{"index":"index","follow":"follow","max-snippet":"max-snippet:-1","max-image-preview":"max-image-preview:large","max-video-preview":"max-video-preview:-1"},"canonical":"https:\/\/omes.hu\/zh\/\u5ba3\u4f20\u518c\u6b63\u6587\/","og_locale":"zh_CN","og_type":"article","og_title":"Broschure test","og_description":"Let\u00f6lt\u00e9s Let\u00f6lt\u00e9s","og_url":"https:\/\/omes.hu\/zh\/\u5ba3\u4f20\u518c\u6b63\u6587\/","og_site_name":"Omes M\u00e9rn\u00f6k Kft.","article_publisher":"https:\/\/www.facebook.com\/omeskft","article_modified_time":"2026-02-02T12:03:33+00:00","og_image":[{"width":205,"height":207,"url":"https:\/\/omes.hu\/wp-content\/uploads\/2024\/04\/omes-logo.png","type":"image\/png"}],"twitter_card":"summary_large_image","twitter_misc":{"\u9884\u8ba1\u9605\u8bfb\u65f6\u95f4":"1 \u5206"},"schema":{"@context":"https:\/\/schema.org","@graph":[{"@type":"WebPage","@id":"https:\/\/omes.hu\/broschure-test\/","url":"https:\/\/omes.hu\/broschure-test\/","name":"\u5ba3\u4f20\u518c\u4e3b\u4f53 - Omes Engineers Ltd.","isPartOf":{"@id":"https:\/\/omes.hu\/#website"},"datePublished":"2026-01-27T15:23:20+00:00","dateModified":"2026-02-02T12:03:33+00:00","breadcrumb":{"@id":"https:\/\/omes.hu\/broschure-test\/#breadcrumb"},"inLanguage":"zh-Hans","potentialAction":[{"@type":"ReadAction","target":["https:\/\/omes.hu\/broschure-test\/"]}]},{"@type":"BreadcrumbList","@id":"https:\/\/omes.hu\/broschure-test\/#breadcrumb","itemListElement":[{"@type":"ListItem","position":1,"name":"Kezd\u0151lap","item":"https:\/\/omes.hu\/"},{"@type":"ListItem","position":2,"name":"Broschure test"}]},{"@type":"WebSite","@id":"https:\/\/omes.hu\/#website","url":"https:\/\/omes.hu\/","name":"Omes \u5de5\u7a0b\u5e08\u6709\u9650\u516c\u53f8","description":"","publisher":{"@id":"https:\/\/omes.hu\/#organization"},"alternateName":"M\u00e9rn\u00f6ki szolg\u00e1ltat\u00e1sok mesterfokon","potentialAction":[{"@type":"SearchAction","target":{"@type":"EntryPoint","urlTemplate":"https:\/\/omes.hu\/?s={search_term_string}"},"query-input":{"@type":"PropertyValueSpecification","valueRequired":true,"valueName":"search_term_string"}}],"inLanguage":"zh-Hans"},{"@type":"Organization","@id":"https:\/\/omes.hu\/#organization","name":"Omes \u5de5\u7a0b\u5e08\u6709\u9650\u516c\u53f8","url":"https:\/\/omes.hu\/","logo":{"@type":"ImageObject","inLanguage":"zh-Hans","@id":"https:\/\/omes.hu\/#\/schema\/logo\/image\/","url":"https:\/\/omes.hu\/wp-content\/uploads\/2024\/04\/omes-logo.png","contentUrl":"https:\/\/omes.hu\/wp-content\/uploads\/2024\/04\/omes-logo.png","width":205,"height":207,"caption":"Omes M\u00e9rn\u00f6k Kft."},"image":{"@id":"https:\/\/omes.hu\/#\/schema\/logo\/image\/"},"sameAs":["https:\/\/www.facebook.com\/omeskft","https:\/\/www.linkedin.com\/company\/omesm\u00e9rn\u00f6k\/?originalSubdomain=hu"]}]}},"_links":{"self":[{"href":"https:\/\/omes.hu\/zh\/wp-json\/wp\/v2\/pages\/1237","targetHints":{"allow":["GET"]}}],"collection":[{"href":"https:\/\/omes.hu\/zh\/wp-json\/wp\/v2\/pages"}],"about":[{"href":"https:\/\/omes.hu\/zh\/wp-json\/wp\/v2\/types\/page"}],"author":[{"embeddable":true,"href":"https:\/\/omes.hu\/zh\/wp-json\/wp\/v2\/users\/1"}],"replies":[{"embeddable":true,"href":"https:\/\/omes.hu\/zh\/wp-json\/wp\/v2\/comments?post=1237"}],"version-history":[{"count":0,"href":"https:\/\/omes.hu\/zh\/wp-json\/wp\/v2\/pages\/1237\/revisions"}],"wp:attachment":[{"href":"https:\/\/omes.hu\/zh\/wp-json\/wp\/v2\/media?parent=1237"}],"curies":[{"name":"wp","href":"https:\/\/api.w.org\/{rel}","templated":true}]}}